{"id":15326,"date":"2024-09-28T00:00:43","date_gmt":"2024-09-28T00:00:43","guid":{"rendered":"https:\/\/peseklaw.com\/blog\/?page_id=15326"},"modified":"2024-09-28T01:41:33","modified_gmt":"2024-09-28T01:41:33","slug":"blog-demo","status":"publish","type":"page","link":"https:\/\/peseklaw.com\/blog\/blog-demo\/","title":{"rendered":"blog demo"},"content":{"rendered":"<div class=\"row \"><div class=\"wpv-grid grid-1-1  wpv-first-level first unextended\" style=\"padding-top:0px;padding-bottom:0px\" id=\"wpv-column-69577c8b1258208ab3c4bbd676d2fac3\" ><h2>Bienvenido al Blog de Pesek Law.<\/h2>\n<h3>Tenemos tres series distintas con el siguiente contenido:<\/h3><\/div><\/div>\n<div class=\"sep\"><\/div>\n<div class=\"row \"><div class=\"wpv-grid grid-1-3  wpv-first-level first unextended\" style=\"padding-top:0px;padding-bottom:0px\" id=\"wpv-column-8630db413b828a77bc2054c373791089\" >\n<div  data-href=\"https:\/\/peseklaw.com\/blog\/omaha\/nuestra-practica\/\" tabindex=\"1\" data-target=\"_self\" class=\"linkarea clearfix   background-transparent\">\n\t\t\t<div class=\"first\"><img loading=\"lazy\" decoding=\"async\" width=\"400\" height=\"300\" src=\"https:\/\/peseklaw.com\/blog\/wp-content\/uploads\/2024\/09\/Blog_Practice.jpg\" class=\"attachment-full size-full\" alt=\"\" srcset=\"https:\/\/peseklaw.com\/blog\/wp-content\/uploads\/2024\/09\/Blog_Practice.jpg 400w, https:\/\/peseklaw.com\/blog\/wp-content\/uploads\/2024\/09\/Blog_Practice-300x225.jpg 300w, https:\/\/peseklaw.com\/blog\/wp-content\/uploads\/2024\/09\/Blog_Practice-360x270.jpg 360w, https:\/\/peseklaw.com\/blog\/wp-content\/uploads\/2024\/09\/Blog_Practice-262x197.jpg 262w\" sizes=\"(max-width: 400px) 100vw, 400px\" \/><\/div>\n\t\t\t\t<div class=\"last\"><h4>Nuestra Pr\u00e1ctica.<\/h4>\n<p style=\"text-align: justify;\">Aqu\u00ed encontrar\u00e1 informaci\u00f3n relacionada a sus derechos con relaci\u00f3n a accidentes de auto, accidentes de trabajo y otros.<br \/>\nTambi\u00e9n compartimos sugerencias para la prevenci\u00f3n de accidentes.<\/div>\n\t<\/div><\/div>\n<div class=\"wpv-grid grid-1-3  wpv-first-level unextended\" style=\"padding-top:0px;padding-bottom:0px\" id=\"wpv-column-c936c8afc84da1be971bb057777b9c5c\" >\n<div  data-href=\"https:\/\/peseklaw.com\/blog\/omaha\/en-comunidad\/\" tabindex=\"1\" data-target=\"_self\" class=\"linkarea clearfix   background-transparent\">\n\t\t\t<div class=\"first\"><img loading=\"lazy\" decoding=\"async\" width=\"400\" height=\"300\" src=\"https:\/\/peseklaw.com\/blog\/wp-content\/uploads\/2024\/09\/Blog_InCommunity.jpg\" class=\"attachment-full size-full\" alt=\"\" srcset=\"https:\/\/peseklaw.com\/blog\/wp-content\/uploads\/2024\/09\/Blog_InCommunity.jpg 400w, https:\/\/peseklaw.com\/blog\/wp-content\/uploads\/2024\/09\/Blog_InCommunity-300x225.jpg 300w, https:\/\/peseklaw.com\/blog\/wp-content\/uploads\/2024\/09\/Blog_InCommunity-360x270.jpg 360w, https:\/\/peseklaw.com\/blog\/wp-content\/uploads\/2024\/09\/Blog_InCommunity-262x197.jpg 262w\" sizes=\"(max-width: 400px) 100vw, 400px\" \/><\/div>\n\t\t\t\t<div class=\"last\"><h4>En Comunidad.<\/h4>\n<p style=\"text-align: justify;\">Nos importa la comunidad en la que trabajamos y vivimos. En esta secci\u00f3n compartimos informaci\u00f3n de las Becas True Potential, los Maceteros de la Calle 24, y otras actividades comunitarias.<\/div>\n\t<\/div><\/div>\n<div class=\"wpv-grid grid-1-3  wpv-first-level unextended\" style=\"padding-top:0px;padding-bottom:0px\" id=\"wpv-column-e5010fdd1ccedd6434ff97d6a0ea1bd9\" >\n<div  data-href=\"https:\/\/peseklaw.com\/blog\/omaha\/sendero-a-la-justicia\/\" tabindex=\"1\" data-target=\"_self\" class=\"linkarea clearfix   background-transparent\">\n\t\t\t<div class=\"first\"><img loading=\"lazy\" decoding=\"async\" width=\"400\" height=\"300\" src=\"https:\/\/peseklaw.com\/blog\/wp-content\/uploads\/2024\/09\/Blog_JusticePath.jpg\" class=\"attachment-full size-full\" alt=\"\" srcset=\"https:\/\/peseklaw.com\/blog\/wp-content\/uploads\/2024\/09\/Blog_JusticePath.jpg 400w, https:\/\/peseklaw.com\/blog\/wp-content\/uploads\/2024\/09\/Blog_JusticePath-300x225.jpg 300w, https:\/\/peseklaw.com\/blog\/wp-content\/uploads\/2024\/09\/Blog_JusticePath-360x270.jpg 360w, https:\/\/peseklaw.com\/blog\/wp-content\/uploads\/2024\/09\/Blog_JusticePath-262x197.jpg 262w\" sizes=\"(max-width: 400px) 100vw, 400px\" \/><\/div>\n\t\t\t\t<div class=\"last\"><h4>Sendero a la Justicia.<\/h4>\n<p style=\"text-align: justify;\">El abogado Ross Pesek comparte art\u00edculos orginales acerca de la profesi\u00f3n y la lucha para llegar a la justicia en cada caso. Algunos de \u00e9stos ensayos han sido publicados en Prairie Barrister, una publicaci\u00f3n para la comunidad legal de Nebraska.<\/div>\n\t<\/div><\/div><\/div>\n","protected":false},"excerpt":{"rendered":"<p>Bienvenido al Blog de Pesek Law. Tenemos tres series distintas con el siguiente contenido:<\/p>\n","protected":false},"author":4,"featured_media":0,"parent":0,"menu_order":0,"comment_status":"closed","ping_status":"closed","template":"","meta":{"footnotes":""},"yoast_head":"<!-- This site is optimized with the Yoast SEO plugin v23.5 - https:\/\/yoast.com\/wordpress\/plugins\/seo\/ -->\n<title>blog demo - Pesek Law LLC<\/title>\n<meta name=\"robots\" content=\"index, follow, max-snippet:-1, max-image-preview:large, max-video-preview:-1\" \/>\n<link rel=\"canonical\" href=\"https:\/\/peseklaw.com\/blog\/blog-demo\/\" \/>\n<meta property=\"og:locale\" content=\"es_ES\" \/>\n<meta property=\"og:type\" content=\"article\" \/>\n<meta property=\"og:title\" content=\"blog demo - Pesek Law LLC\" \/>\n<meta property=\"og:description\" content=\"Bienvenido al Blog de Pesek Law. Tenemos tres series distintas con el siguiente contenido:\" \/>\n<meta property=\"og:url\" content=\"https:\/\/peseklaw.com\/blog\/blog-demo\/\" \/>\n<meta property=\"og:site_name\" content=\"Pesek Law LLC\" \/>\n<meta property=\"article:publisher\" content=\"https:\/\/www.facebook.com\/PesekLaw\/\" \/>\n<meta property=\"article:modified_time\" content=\"2024-09-28T01:41:33+00:00\" \/>\n<meta name=\"twitter:card\" content=\"summary_large_image\" \/>\n<meta name=\"twitter:site\" content=\"@peseklaw\" \/>\n<meta name=\"twitter:label1\" content=\"Tiempo de lectura\" \/>\n\t<meta name=\"twitter:data1\" content=\"1 minuto\" \/>\n<script type=\"application\/ld+json\" class=\"yoast-schema-graph\">{\"@context\":\"https:\/\/schema.org\",\"@graph\":[{\"@type\":\"WebPage\",\"@id\":\"https:\/\/peseklaw.com\/blog\/blog-demo\/\",\"url\":\"https:\/\/peseklaw.com\/blog\/blog-demo\/\",\"name\":\"blog demo - Pesek Law LLC\",\"isPartOf\":{\"@id\":\"https:\/\/peseklaw.com\/blog\/#website\"},\"datePublished\":\"2024-09-28T00:00:43+00:00\",\"dateModified\":\"2024-09-28T01:41:33+00:00\",\"breadcrumb\":{\"@id\":\"https:\/\/peseklaw.com\/blog\/blog-demo\/#breadcrumb\"},\"inLanguage\":\"es\",\"potentialAction\":[{\"@type\":\"ReadAction\",\"target\":[\"https:\/\/peseklaw.com\/blog\/blog-demo\/\"]}]},{\"@type\":\"BreadcrumbList\",\"@id\":\"https:\/\/peseklaw.com\/blog\/blog-demo\/#breadcrumb\",\"itemListElement\":[{\"@type\":\"ListItem\",\"position\":1,\"name\":\"Portada\",\"item\":\"https:\/\/peseklaw.com\/blog\/\"},{\"@type\":\"ListItem\",\"position\":2,\"name\":\"blog demo\"}]},{\"@type\":\"WebSite\",\"@id\":\"https:\/\/peseklaw.com\/blog\/#website\",\"url\":\"https:\/\/peseklaw.com\/blog\/\",\"name\":\"Pesek Law LLC\",\"description\":\"Abogados de accidentes en Omaha, Nebraska y Iowa\",\"potentialAction\":[{\"@type\":\"SearchAction\",\"target\":{\"@type\":\"EntryPoint\",\"urlTemplate\":\"https:\/\/peseklaw.com\/blog\/?s={search_term_string}\"},\"query-input\":{\"@type\":\"PropertyValueSpecification\",\"valueRequired\":true,\"valueName\":\"search_term_string\"}}],\"inLanguage\":\"es\"}]}<\/script>\n<!-- \/ Yoast SEO plugin. -->","yoast_head_json":{"title":"blog demo - Pesek Law LLC","robots":{"index":"index","follow":"follow","max-snippet":"max-snippet:-1","max-image-preview":"max-image-preview:large","max-video-preview":"max-video-preview:-1"},"canonical":"https:\/\/peseklaw.com\/blog\/blog-demo\/","og_locale":"es_ES","og_type":"article","og_title":"blog demo - Pesek Law LLC","og_description":"Bienvenido al Blog de Pesek Law. Tenemos tres series distintas con el siguiente contenido:","og_url":"https:\/\/peseklaw.com\/blog\/blog-demo\/","og_site_name":"Pesek Law LLC","article_publisher":"https:\/\/www.facebook.com\/PesekLaw\/","article_modified_time":"2024-09-28T01:41:33+00:00","twitter_card":"summary_large_image","twitter_site":"@peseklaw","twitter_misc":{"Tiempo de lectura":"1 minuto"},"schema":{"@context":"https:\/\/schema.org","@graph":[{"@type":"WebPage","@id":"https:\/\/peseklaw.com\/blog\/blog-demo\/","url":"https:\/\/peseklaw.com\/blog\/blog-demo\/","name":"blog demo - Pesek Law LLC","isPartOf":{"@id":"https:\/\/peseklaw.com\/blog\/#website"},"datePublished":"2024-09-28T00:00:43+00:00","dateModified":"2024-09-28T01:41:33+00:00","breadcrumb":{"@id":"https:\/\/peseklaw.com\/blog\/blog-demo\/#breadcrumb"},"inLanguage":"es","potentialAction":[{"@type":"ReadAction","target":["https:\/\/peseklaw.com\/blog\/blog-demo\/"]}]},{"@type":"BreadcrumbList","@id":"https:\/\/peseklaw.com\/blog\/blog-demo\/#breadcrumb","itemListElement":[{"@type":"ListItem","position":1,"name":"Portada","item":"https:\/\/peseklaw.com\/blog\/"},{"@type":"ListItem","position":2,"name":"blog demo"}]},{"@type":"WebSite","@id":"https:\/\/peseklaw.com\/blog\/#website","url":"https:\/\/peseklaw.com\/blog\/","name":"Pesek Law LLC","description":"Abogados de accidentes en Omaha, Nebraska y Iowa","potentialAction":[{"@type":"SearchAction","target":{"@type":"EntryPoint","urlTemplate":"https:\/\/peseklaw.com\/blog\/?s={search_term_string}"},"query-input":{"@type":"PropertyValueSpecification","valueRequired":true,"valueName":"search_term_string"}}],"inLanguage":"es"}]}},"_links":{"self":[{"href":"https:\/\/peseklaw.com\/blog\/wp-json\/wp\/v2\/pages\/15326"}],"collection":[{"href":"https:\/\/peseklaw.com\/blog\/wp-json\/wp\/v2\/pages"}],"about":[{"href":"https:\/\/peseklaw.com\/blog\/wp-json\/wp\/v2\/types\/page"}],"author":[{"embeddable":true,"href":"https:\/\/peseklaw.com\/blog\/wp-json\/wp\/v2\/users\/4"}],"replies":[{"embeddable":true,"href":"https:\/\/peseklaw.com\/blog\/wp-json\/wp\/v2\/comments?post=15326"}],"version-history":[{"count":21,"href":"https:\/\/peseklaw.com\/blog\/wp-json\/wp\/v2\/pages\/15326\/revisions"}],"predecessor-version":[{"id":15352,"href":"https:\/\/peseklaw.com\/blog\/wp-json\/wp\/v2\/pages\/15326\/revisions\/15352"}],"wp:attachment":[{"href":"https:\/\/peseklaw.com\/blog\/wp-json\/wp\/v2\/media?parent=15326"}],"curies":[{"name":"wp","href":"https:\/\/api.w.org\/{rel}","templated":true}]}}